{"id":14,"date":"2020-12-05T16:18:26","date_gmt":"2020-12-05T13:18:26","guid":{"rendered":"https:\/\/www.horozeurope.com\/?page_id=14"},"modified":"2020-12-13T11:52:51","modified_gmt":"2020-12-13T08:52:51","slug":"products","status":"publish","type":"page","link":"https:\/\/www.horozeurope.com\/fr\/products\/","title":{"rendered":"Produits"},"content":{"rendered":"<p>[vc_row el_class=\u00a0\u00bbprod\u00a0\u00bb][vc_column]<div id=\"ultimate-heading-914269e9dafe96029\" class=\"uvc-heading ult-adjust-bottom-margin ultimate-heading-914269e9dafe96029 uvc-1329 ciz\" data-hspacer=\"no_spacer\"  data-halign=\"center\" style=\"text-align:center\"><div class=\"uvc-heading-spacer no_spacer\" style=\"top\"><\/div><div class=\"uvc-main-heading ult-responsive\"  data-ultimate-target='.uvc-heading.ultimate-heading-914269e9dafe96029 h2'  data-responsive-json-new='{\"font-size\":\"desktop:26px;\",\"line-height\":\"desktop:30px;\"}' ><h2 style=\"font-family:&#039;Poppins&#039;;font-weight:500;color:#ea1b27;\">NOS PRODUITS<\/h2><\/div><div class=\"uvc-sub-heading ult-responsive\"  data-ultimate-target='.uvc-heading.ultimate-heading-914269e9dafe96029 .uvc-sub-heading '  data-responsive-json-new='{\"font-size\":\"desktop:18px;\",\"line-height\":\"desktop:22px;\"}'  style=\"font-family:&#039;Poppins&#039;;font-weight:300;color:#18437c;\">Produits de Qualit\u00e9<br \/>\n<\/div><\/div><div class=\"ult-spacer spacer-69e9dafe96046\" data-id=\"69e9dafe96046\" data-height=\"0\" data-height-mobile=\"20\" data-height-tab=\"0\" data-height-tab-portrait=\"20\" data-height-mobile-landscape=\"20\" style=\"clear:both;display:block;\"><\/div>[\/vc_column][\/vc_row][vc_row full_width=\u00a0\u00bbstretch_row\u00a0\u00bb][vc_column width=\u00a0\u00bb1\/4&Prime; el_class=\u00a0\u00bbix2&Prime;][vc_single_image image=\u00a0\u00bb88&Prime; img_size=\u00a0\u00bbfull\u00a0\u00bb alignment=\u00a0\u00bbcenter\u00a0\u00bb style=\u00a0\u00bbvc_box_shadow_border_circle\u00a0\u00bb css_animation=\u00a0\u00bbnone\u00a0\u00bb image_hovers=\u00a0\u00bbfalse\u00a0\u00bb][\/vc_column][vc_column width=\u00a0\u00bb3\/4&Prime; el_class=\u00a0\u00bbiccc\u00a0\u00bb]<div class=\"ult-spacer spacer-69e9dafe96057\" data-id=\"69e9dafe96057\" data-height=\"25\" data-height-mobile=\"0\" data-height-tab=\"25\" data-height-tab-portrait=\"20\" data-height-mobile-landscape=\"0\" style=\"clear:both;display:block;\"><\/div><div id=\"ultimate-heading-686869e9dafe9606c\" class=\"uvc-heading ult-adjust-bottom-margin ultimate-heading-686869e9dafe9606c uvc-8059 \" data-hspacer=\"no_spacer\"  data-halign=\"left\" style=\"text-align:left\"><div class=\"uvc-heading-spacer no_spacer\" style=\"top\"><\/div><div class=\"uvc-sub-heading ult-responsive\"  data-ultimate-target='.uvc-heading.ultimate-heading-686869e9dafe9606c .uvc-sub-heading '  data-responsive-json-new='{\"font-size\":\"desktop:26px;\",\"line-height\":\"desktop:32px;\"}'  style=\"font-family:&#039;Poppins&#039;;font-weight:600;color:#18437c;margin-bottom:25px;\">Lampes &amp; Ampoules<\/div><\/div>[vc_row_inner][vc_column_inner width=\u00a0\u00bb1\/2&Prime; offset=\u00a0\u00bbvc_hidden-sm vc_hidden-xs\u00a0\u00bb][vc_column_text el_class=\u00a0\u00bbstandard-arrow list-divider bullet-top yazi\u00a0\u00bb]<\/p>\n<ul>\n<li>Ampoule LED<\/li>\n<li>Ampoule LED dimmable<\/li>\n<li>Ampoule LED Filament<\/li>\n<\/ul>\n<p>[\/vc_column_text][\/vc_column_inner][vc_column_inner width=\u00a0\u00bb1\/2&Prime; offset=\u00a0\u00bbvc_hidden-sm vc_hidden-xs\u00a0\u00bb][vc_column_text el_class=\u00a0\u00bbstandard-arrow list-divider bullet-top yazi\u00a0\u00bb]<\/p>\n<ul>\n<li>Ampoule capsule LED<\/li>\n<li>Tube LED T8<\/li>\n<\/ul>\n<p>[\/vc_column_text][\/vc_column_inner][vc_column_inner offset=\u00a0\u00bbvc_hidden-lg vc_hidden-md\u00a0\u00bb][vc_column_text el_class=\u00a0\u00bbstandard-arrow list-divider bullet-top yazi\u00a0\u00bb]<\/p>\n<ul>\n<li>Ampoule LED<\/li>\n<li>Ampoule LED dimmable<\/li>\n<li>Ampoule LED Filament<\/li>\n<li>Ampoule capsule LED<\/li>\n<li>Tube LED T8<\/li>\n<\/ul>\n<p>[\/vc_column_text][\/vc_column_inner][\/vc_row_inner][\/vc_column][\/vc_row][vc_row full_width=\u00a0\u00bbstretch_row\u00a0\u00bb css=\u00a0\u00bb.vc_custom_1607774764851{background-color: #f9f9f9 !important;}\u00a0\u00bb][vc_column width=\u00a0\u00bb1\/4&Prime; el_class=\u00a0\u00bbix2&Prime;][vc_single_image image=\u00a0\u00bb98&Prime; img_size=\u00a0\u00bbfull\u00a0\u00bb alignment=\u00a0\u00bbcenter\u00a0\u00bb style=\u00a0\u00bbvc_box_shadow_border_circle\u00a0\u00bb css_animation=\u00a0\u00bbnone\u00a0\u00bb image_hovers=\u00a0\u00bbfalse\u00a0\u00bb][\/vc_column][vc_column width=\u00a0\u00bb3\/4&Prime; el_class=\u00a0\u00bbiccc\u00a0\u00bb]<div class=\"ult-spacer spacer-69e9dafe96085\" data-id=\"69e9dafe96085\" data-height=\"25\" data-height-mobile=\"0\" data-height-tab=\"25\" data-height-tab-portrait=\"20\" data-height-mobile-landscape=\"0\" style=\"clear:both;display:block;\"><\/div><div id=\"ultimate-heading-131869e9dafe96099\" class=\"uvc-heading ult-adjust-bottom-margin ultimate-heading-131869e9dafe96099 uvc-49 \" data-hspacer=\"no_spacer\"  data-halign=\"left\" style=\"text-align:left\"><div class=\"uvc-heading-spacer no_spacer\" style=\"top\"><\/div><div class=\"uvc-sub-heading ult-responsive\"  data-ultimate-target='.uvc-heading.ultimate-heading-131869e9dafe96099 .uvc-sub-heading '  data-responsive-json-new='{\"font-size\":\"desktop:26px;\",\"line-height\":\"desktop:32px;\"}'  style=\"font-family:&#039;Poppins&#039;;font-weight:600;color:#18437c;margin-bottom:25px;\">\u00c9clairage \u0130nt\u00e9rieur<\/div><\/div>[vc_row_inner][vc_column_inner width=\u00a0\u00bb1\/2&Prime; offset=\u00a0\u00bbvc_hidden-sm vc_hidden-xs\u00a0\u00bb][vc_column_text el_class=\u00a0\u00bbstandard-arrow list-divider bullet-top yazi\u00a0\u00bb]<\/p>\n<ul>\n<li>Luminaires LED encastr\u00e9s<\/li>\n<li>Spots LED<\/li>\n<li>Luminaires LED de surface<\/li>\n<\/ul>\n<p>[\/vc_column_text][\/vc_column_inner][vc_column_inner width=\u00a0\u00bb1\/2&Prime; offset=\u00a0\u00bbvc_hidden-sm vc_hidden-xs\u00a0\u00bb][vc_column_text el_class=\u00a0\u00bbstandard-arrow list-divider bullet-top yazi\u00a0\u00bb]<\/p>\n<ul>\n<li>Dalle LED<\/li>\n<li>Spots LED sur rail<\/li>\n<li>Rubans LED<\/li>\n<\/ul>\n<p>[\/vc_column_text][\/vc_column_inner][vc_column_inner offset=\u00a0\u00bbvc_hidden-lg vc_hidden-md\u00a0\u00bb][vc_column_text el_class=\u00a0\u00bbstandard-arrow list-divider bullet-top yazi\u00a0\u00bb]<\/p>\n<ul>\n<li>Luminaires LED encastr\u00e9s<\/li>\n<li>Spots LED<\/li>\n<li>Luminaires LED de surface<\/li>\n<li>Dalle LED<\/li>\n<li>Spots LED sur rail<\/li>\n<li>Rubans LED<\/li>\n<\/ul>\n<p>[\/vc_column_text][\/vc_column_inner][\/vc_row_inner][\/vc_column][\/vc_row][vc_row full_width=\u00a0\u00bbstretch_row\u00a0\u00bb][vc_column width=\u00a0\u00bb1\/4&Prime; el_class=\u00a0\u00bbix2&Prime;][vc_single_image image=\u00a0\u00bb100&Prime; img_size=\u00a0\u00bbfull\u00a0\u00bb alignment=\u00a0\u00bbcenter\u00a0\u00bb style=\u00a0\u00bbvc_box_shadow_border_circle\u00a0\u00bb css_animation=\u00a0\u00bbnone\u00a0\u00bb image_hovers=\u00a0\u00bbfalse\u00a0\u00bb][\/vc_column][vc_column width=\u00a0\u00bb3\/4&Prime; el_class=\u00a0\u00bbiccc\u00a0\u00bb]<div class=\"ult-spacer spacer-69e9dafe960b0\" data-id=\"69e9dafe960b0\" data-height=\"25\" data-height-mobile=\"0\" data-height-tab=\"25\" data-height-tab-portrait=\"20\" data-height-mobile-landscape=\"0\" style=\"clear:both;display:block;\"><\/div><div id=\"ultimate-heading-773969e9dafe96132\" class=\"uvc-heading ult-adjust-bottom-margin ultimate-heading-773969e9dafe96132 uvc-7541 \" data-hspacer=\"no_spacer\"  data-halign=\"left\" style=\"text-align:left\"><div class=\"uvc-heading-spacer no_spacer\" style=\"top\"><\/div><div class=\"uvc-sub-heading ult-responsive\"  data-ultimate-target='.uvc-heading.ultimate-heading-773969e9dafe96132 .uvc-sub-heading '  data-responsive-json-new='{\"font-size\":\"desktop:26px;\",\"line-height\":\"desktop:32px;\"}'  style=\"font-family:&#039;Poppins&#039;;font-weight:600;color:#18437c;margin-bottom:25px;\">\u00c9clairage Ext\u00e9rieur<\/div><\/div>[vc_row_inner][vc_column_inner width=\u00a0\u00bb1\/2&Prime; offset=\u00a0\u00bbvc_hidden-sm vc_hidden-xs\u00a0\u00bb][vc_column_text el_class=\u00a0\u00bbstandard-arrow list-divider bullet-top yazi\u00a0\u00bb]<\/p>\n<ul>\n<li>Luminaires LED \u00e9tanches<\/li>\n<li>Highbays LED<\/li>\n<li>Hublot LED<\/li>\n<\/ul>\n<p>[\/vc_column_text][\/vc_column_inner][vc_column_inner width=\u00a0\u00bb1\/2&Prime; offset=\u00a0\u00bbvc_hidden-sm vc_hidden-xs\u00a0\u00bb][vc_column_text el_class=\u00a0\u00bbstandard-arrow list-divider bullet-top yazi\u00a0\u00bb]<\/p>\n<ul>\n<li>Eclairage jardin<\/li>\n<li>Projecteurs LED<\/li>\n<\/ul>\n<p>[\/vc_column_text][\/vc_column_inner][vc_column_inner offset=\u00a0\u00bbvc_hidden-lg vc_hidden-md\u00a0\u00bb][vc_column_text el_class=\u00a0\u00bbstandard-arrow list-divider bullet-top yazi\u00a0\u00bb]<\/p>\n<ul>\n<li>Luminaires LED \u00e9tanches<\/li>\n<li>Highbays LED<\/li>\n<li>Hublot LED<\/li>\n<li>Eclairage jardin<\/li>\n<li>Projecteurs LED<\/li>\n<\/ul>\n<p>[\/vc_column_text][\/vc_column_inner][\/vc_row_inner][\/vc_column][\/vc_row][vc_row full_width=\u00a0\u00bbstretch_row\u00a0\u00bb css=\u00a0\u00bb.vc_custom_1607774764851{background-color: #f9f9f9 !important;}\u00a0\u00bb][vc_column width=\u00a0\u00bb1\/4&Prime; el_class=\u00a0\u00bbix2&Prime;][vc_single_image image=\u00a0\u00bb101&Prime; img_size=\u00a0\u00bbfull\u00a0\u00bb alignment=\u00a0\u00bbcenter\u00a0\u00bb style=\u00a0\u00bbvc_box_shadow_border_circle\u00a0\u00bb css_animation=\u00a0\u00bbnone\u00a0\u00bb image_hovers=\u00a0\u00bbfalse\u00a0\u00bb][\/vc_column][vc_column width=\u00a0\u00bb3\/4&Prime; el_class=\u00a0\u00bbiccc\u00a0\u00bb]<div class=\"ult-spacer spacer-69e9dafe961ba\" data-id=\"69e9dafe961ba\" data-height=\"25\" data-height-mobile=\"0\" data-height-tab=\"25\" data-height-tab-portrait=\"20\" data-height-mobile-landscape=\"0\" style=\"clear:both;display:block;\"><\/div><div id=\"ultimate-heading-851669e9dafe961e6\" class=\"uvc-heading ult-adjust-bottom-margin ultimate-heading-851669e9dafe961e6 uvc-2376 \" data-hspacer=\"no_spacer\"  data-halign=\"left\" style=\"text-align:left\"><div class=\"uvc-heading-spacer no_spacer\" style=\"top\"><\/div><div class=\"uvc-sub-heading ult-responsive\"  data-ultimate-target='.uvc-heading.ultimate-heading-851669e9dafe961e6 .uvc-sub-heading '  data-responsive-json-new='{\"font-size\":\"desktop:26px;\",\"line-height\":\"desktop:32px;\"}'  style=\"font-family:&#039;Poppins&#039;;font-weight:600;color:#18437c;margin-bottom:25px;\">Rechargeables<\/div><\/div>[vc_row_inner][vc_column_inner width=\u00a0\u00bb1\/2&Prime; offset=\u00a0\u00bbvc_hidden-sm vc_hidden-xs\u00a0\u00bb][vc_column_text el_class=\u00a0\u00bbstandard-arrow list-divider bullet-top yazi\u00a0\u00bb]<\/p>\n<ul>\n<li>Lumi\u00e8res d&rsquo;urgence LED<\/li>\n<\/ul>\n<p>[\/vc_column_text][\/vc_column_inner][vc_column_inner width=\u00a0\u00bb1\/2&Prime; offset=\u00a0\u00bbvc_hidden-sm vc_hidden-xs\u00a0\u00bb][vc_column_text el_class=\u00a0\u00bbstandard-arrow list-divider bullet-top yazi\u00a0\u00bb]<\/p>\n<ul>\n<li>Lumi\u00e8res de sortie d&rsquo;urgence LED<\/li>\n<\/ul>\n<p>[\/vc_column_text][\/vc_column_inner][vc_column_inner offset=\u00a0\u00bbvc_hidden-lg vc_hidden-md\u00a0\u00bb][vc_column_text el_class=\u00a0\u00bbstandard-arrow list-divider bullet-top yazi\u00a0\u00bb]<\/p>\n<ul>\n<li>Lumi\u00e8res d&rsquo;urgence LED<\/li>\n<li>Lumi\u00e8res de sortie d&rsquo;urgence LED<\/li>\n<\/ul>\n<p>[\/vc_column_text][\/vc_column_inner][\/vc_row_inner][\/vc_column][\/vc_row][vc_row full_width=\u00a0\u00bbstretch_row\u00a0\u00bb][vc_column width=\u00a0\u00bb1\/4&Prime; el_class=\u00a0\u00bbix2&Prime;][vc_single_image image=\u00a0\u00bb103&Prime; img_size=\u00a0\u00bbfull\u00a0\u00bb alignment=\u00a0\u00bbcenter\u00a0\u00bb style=\u00a0\u00bbvc_box_shadow_border_circle\u00a0\u00bb css_animation=\u00a0\u00bbnone\u00a0\u00bb image_hovers=\u00a0\u00bbfalse\u00a0\u00bb][\/vc_column][vc_column width=\u00a0\u00bb3\/4&Prime; el_class=\u00a0\u00bbiccc\u00a0\u00bb]<div class=\"ult-spacer spacer-69e9dafe96208\" data-id=\"69e9dafe96208\" data-height=\"25\" data-height-mobile=\"0\" data-height-tab=\"25\" data-height-tab-portrait=\"20\" data-height-mobile-landscape=\"0\" style=\"clear:both;display:block;\"><\/div><div id=\"ultimate-heading-205469e9dafe9622b\" class=\"uvc-heading ult-adjust-bottom-margin ultimate-heading-205469e9dafe9622b uvc-6281 \" data-hspacer=\"no_spacer\"  data-halign=\"left\" style=\"text-align:left\"><div class=\"uvc-heading-spacer no_spacer\" style=\"top\"><\/div><div class=\"uvc-sub-heading ult-responsive\"  data-ultimate-target='.uvc-heading.ultimate-heading-205469e9dafe9622b .uvc-sub-heading '  data-responsive-json-new='{\"font-size\":\"desktop:26px;\",\"line-height\":\"desktop:32px;\"}'  style=\"font-family:&#039;Poppins&#039;;font-weight:600;color:#18437c;margin-bottom:25px;\">Accessoires<\/div><\/div>[vc_row_inner][vc_column_inner width=\u00a0\u00bb1\/2&Prime; offset=\u00a0\u00bbvc_hidden-sm vc_hidden-xs\u00a0\u00bb][vc_column_text el_class=\u00a0\u00bbstandard-arrow list-divider bullet-top yazi\u00a0\u00bb]<\/p>\n<ul>\n<li>Bo\u00eete de distribution<\/li>\n<li>Goulotte de c\u00e2ble<\/li>\n<li>Socket GU10\/E27<\/li>\n<\/ul>\n<p>[\/vc_column_text][\/vc_column_inner][vc_column_inner width=\u00a0\u00bb1\/2&Prime; offset=\u00a0\u00bbvc_hidden-sm vc_hidden-xs\u00a0\u00bb][vc_column_text el_class=\u00a0\u00bbstandard-arrow list-divider bullet-top yazi\u00a0\u00bb]<\/p>\n<ul>\n<li>Ruban adh\u00e9sif<\/li>\n<li>Clips de c\u00e2ble de clou<\/li>\n<li>Network Cable<\/li>\n<\/ul>\n<p>[\/vc_column_text][\/vc_column_inner][vc_column_inner offset=\u00a0\u00bbvc_hidden-lg vc_hidden-md\u00a0\u00bb][vc_column_text el_class=\u00a0\u00bbstandard-arrow list-divider bullet-top yazi\u00a0\u00bb]<\/p>\n<ul>\n<li>Bo\u00eete de distribution<\/li>\n<li>Goulotte de c\u00e2ble<\/li>\n<li>Socket GU10\/E27<\/li>\n<li>Ruban adh\u00e9sif<\/li>\n<li>Clips de c\u00e2ble de clou<\/li>\n<li>Network Cable<\/li>\n<\/ul>\n<p>[\/vc_column_text][\/vc_column_inner][\/vc_row_inner][\/vc_column][\/vc_row][vc_row full_width=\u00a0\u00bbstretch_row\u00a0\u00bb css=\u00a0\u00bb.vc_custom_1607774764851{background-color: #f9f9f9 !important;}\u00a0\u00bb][vc_column width=\u00a0\u00bb1\/4&Prime; el_class=\u00a0\u00bbix2&Prime;][vc_single_image image=\u00a0\u00bb284&Prime; img_size=\u00a0\u00bbfull\u00a0\u00bb alignment=\u00a0\u00bbcenter\u00a0\u00bb style=\u00a0\u00bbvc_box_shadow_border_circle\u00a0\u00bb css_animation=\u00a0\u00bbnone\u00a0\u00bb image_hovers=\u00a0\u00bbfalse\u00a0\u00bb][\/vc_column][vc_column width=\u00a0\u00bb3\/4&Prime; el_class=\u00a0\u00bbiccc\u00a0\u00bb]<div class=\"ult-spacer spacer-69e9dafe96241\" data-id=\"69e9dafe96241\" data-height=\"25\" data-height-mobile=\"0\" data-height-tab=\"25\" data-height-tab-portrait=\"20\" data-height-mobile-landscape=\"0\" style=\"clear:both;display:block;\"><\/div><div id=\"ultimate-heading-655969e9dafe96257\" class=\"uvc-heading ult-adjust-bottom-margin ultimate-heading-655969e9dafe96257 uvc-5733 \" data-hspacer=\"no_spacer\"  data-halign=\"left\" style=\"text-align:left\"><div class=\"uvc-heading-spacer no_spacer\" style=\"top\"><\/div><div class=\"uvc-sub-heading ult-responsive\"  data-ultimate-target='.uvc-heading.ultimate-heading-655969e9dafe96257 .uvc-sub-heading '  data-responsive-json-new='{\"font-size\":\"desktop:26px;\",\"line-height\":\"desktop:32px;\"}'  style=\"font-family:&#039;Poppins&#039;;font-weight:600;color:#18437c;margin-bottom:25px;\">Capteurs &amp; Minuteur<\/div><\/div>[vc_row_inner][vc_column_inner width=\u00a0\u00bb1\/2&Prime; offset=\u00a0\u00bbvc_hidden-sm vc_hidden-xs\u00a0\u00bb][vc_column_text el_class=\u00a0\u00bbstandard-arrow list-divider bullet-top yazi\u00a0\u00bb]<\/p>\n<ul>\n<li>Minuteur<\/li>\n<li>Capteurs<\/li>\n<\/ul>\n<p>[\/vc_column_text][\/vc_column_inner][vc_column_inner width=\u00a0\u00bb1\/2&Prime; offset=\u00a0\u00bbvc_hidden-sm vc_hidden-xs\u00a0\u00bb][vc_column_text el_class=\u00a0\u00bbstandard-arrow list-divider bullet-top yazi\u00a0\u00bb]<\/p>\n<ul>\n<li>Photocapteurs de contr\u00f4le de la lumi\u00e8re<\/li>\n<\/ul>\n<p>[\/vc_column_text][\/vc_column_inner][vc_column_inner offset=\u00a0\u00bbvc_hidden-lg vc_hidden-md\u00a0\u00bb][vc_column_text el_class=\u00a0\u00bbstandard-arrow list-divider bullet-top yazi\u00a0\u00bb]<\/p>\n<ul>\n<li>Minuteur<\/li>\n<li>Capteurs<\/li>\n<li>Photocapteurs de contr\u00f4le de la lumi\u00e8re<\/li>\n<\/ul>\n<p>[\/vc_column_text][\/vc_column_inner][\/vc_row_inner][\/vc_column][\/vc_row][vc_row full_width=\u00a0\u00bbstretch_row\u00a0\u00bb][vc_column width=\u00a0\u00bb1\/4&Prime; el_class=\u00a0\u00bbix2&Prime;][vc_single_image image=\u00a0\u00bb285&Prime; img_size=\u00a0\u00bbfull\u00a0\u00bb alignment=\u00a0\u00bbcenter\u00a0\u00bb style=\u00a0\u00bbvc_box_shadow_border_circle\u00a0\u00bb css_animation=\u00a0\u00bbnone\u00a0\u00bb image_hovers=\u00a0\u00bbfalse\u00a0\u00bb][\/vc_column][vc_column width=\u00a0\u00bb3\/4&Prime; el_class=\u00a0\u00bbiccc\u00a0\u00bb]<div class=\"ult-spacer spacer-69e9dafe9626a\" data-id=\"69e9dafe9626a\" data-height=\"25\" data-height-mobile=\"0\" data-height-tab=\"25\" data-height-tab-portrait=\"20\" data-height-mobile-landscape=\"0\" style=\"clear:both;display:block;\"><\/div><div id=\"ultimate-heading-312269e9dafe9627f\" class=\"uvc-heading ult-adjust-bottom-margin ultimate-heading-312269e9dafe9627f uvc-9122 \" data-hspacer=\"no_spacer\"  data-halign=\"left\" style=\"text-align:left\"><div class=\"uvc-heading-spacer no_spacer\" style=\"top\"><\/div><div class=\"uvc-sub-heading ult-responsive\"  data-ultimate-target='.uvc-heading.ultimate-heading-312269e9dafe9627f .uvc-sub-heading '  data-responsive-json-new='{\"font-size\":\"desktop:26px;\",\"line-height\":\"desktop:32px;\"}'  style=\"font-family:&#039;Poppins&#039;;font-weight:600;color:#18437c;margin-bottom:25px;\">Multiprise &amp; Cable Reel<\/div><\/div>[vc_row_inner][vc_column_inner width=\u00a0\u00bb1\/2&Prime; offset=\u00a0\u00bbvc_hidden-sm vc_hidden-xs\u00a0\u00bb][vc_column_text el_class=\u00a0\u00bbstandard-arrow list-divider bullet-top yazi\u00a0\u00bb]<\/p>\n<ul>\n<li>Prise<\/li>\n<\/ul>\n<p>[\/vc_column_text][\/vc_column_inner][vc_column_inner width=\u00a0\u00bb1\/2&Prime; offset=\u00a0\u00bbvc_hidden-sm vc_hidden-xs\u00a0\u00bb][vc_column_text el_class=\u00a0\u00bbstandard-arrow list-divider bullet-top yazi\u00a0\u00bb]<\/p>\n<ul>\n<li>Enrouleur de c\u00e2ble<\/li>\n<\/ul>\n<p>[\/vc_column_text][\/vc_column_inner][vc_column_inner offset=\u00a0\u00bbvc_hidden-lg vc_hidden-md\u00a0\u00bb][vc_column_text el_class=\u00a0\u00bbstandard-arrow list-divider bullet-top yazi\u00a0\u00bb]<\/p>\n<ul>\n<li>Prise<\/li>\n<li>Enrouleur de c\u00e2ble<\/li>\n<\/ul>\n<p>[\/vc_column_text][\/vc_column_inner][\/vc_row_inner][\/vc_column][\/vc_row]<\/p>","protected":false},"excerpt":{"rendered":"<p>[vc_row el_class=\u00a0\u00bbprod\u00a0\u00bb][vc_column][\/vc_column][\/vc_row][vc_row full_width=\u00a0\u00bbstretch_row\u00a0\u00bb][vc_column width=\u00a0\u00bb1\/4&Prime; el_class=\u00a0\u00bbix2&Prime;][vc_single_image image=\u00a0\u00bb88&Prime; img_size=\u00a0\u00bbfull\u00a0\u00bb alignment=\u00a0\u00bbcenter\u00a0\u00bb style=\u00a0\u00bbvc_box_shadow_border_circle\u00a0\u00bb css_animation=\u00a0\u00bbnone\u00a0\u00bb image_hovers=\u00a0\u00bbfalse\u00a0\u00bb][\/vc_column][vc_column width=\u00a0\u00bb3\/4&Prime; el_class=\u00a0\u00bbiccc\u00a0\u00bb][vc_row_inner][vc_column_inner width=\u00a0\u00bb1\/2&Prime; offset=\u00a0\u00bbvc_hidden-sm vc_hidden-xs\u00a0\u00bb][vc_column_text el_class=\u00a0\u00bbstandard-arrow list-divider bullet-top yazi\u00a0\u00bb] Ampoule LED Ampoule LED dimmable Ampoule LED Filament [\/vc_column_text][\/vc_column_inner][vc_column_inner width=\u00a0\u00bb1\/2&Prime; offset=\u00a0\u00bbvc_hidden-sm vc_hidden-xs\u00a0\u00bb][vc_column_text el_class=\u00a0\u00bbstandard-arrow list-divider bullet-top yazi\u00a0\u00bb] Ampoule capsule LED Tube LED T8 [\/vc_column_text][\/vc_column_inner][vc_column_inner offset=\u00a0\u00bbvc_hidden-lg vc_hidden-md\u00a0\u00bb][vc_column_text el_class=\u00a0\u00bbstandard-arrow list-divider bullet-top yazi\u00a0\u00bb] Ampoule LED Ampoule LED dimmable Ampoule&hellip;<\/p>\n","protected":false},"author":1,"featured_media":0,"parent":0,"menu_order":0,"comment_status":"closed","ping_status":"closed","template":"","meta":[],"_links":{"self":[{"href":"https:\/\/www.horozeurope.com\/fr\/wp-json\/wp\/v2\/pages\/14"}],"collection":[{"href":"https:\/\/www.horozeurope.com\/fr\/wp-json\/wp\/v2\/pages"}],"about":[{"href":"https:\/\/www.horozeurope.com\/fr\/wp-json\/wp\/v2\/types\/page"}],"author":[{"embeddable":true,"href":"https:\/\/www.horozeurope.com\/fr\/wp-json\/wp\/v2\/users\/1"}],"replies":[{"embeddable":true,"href":"https:\/\/www.horozeurope.com\/fr\/wp-json\/wp\/v2\/comments?post=14"}],"version-history":[{"count":64,"href":"https:\/\/www.horozeurope.com\/fr\/wp-json\/wp\/v2\/pages\/14\/revisions"}],"predecessor-version":[{"id":985,"href":"https:\/\/www.horozeurope.com\/fr\/wp-json\/wp\/v2\/pages\/14\/revisions\/985"}],"wp:attachment":[{"href":"https:\/\/www.horozeurope.com\/fr\/wp-json\/wp\/v2\/media?parent=14"}],"curies":[{"name":"wp","href":"https:\/\/api.w.org\/{rel}","templated":true}]}}