{"id":16,"date":"2020-12-05T16:18:34","date_gmt":"2020-12-05T13:18:34","guid":{"rendered":"https:\/\/www.horozeurope.com\/?page_id=16"},"modified":"2020-12-13T11:52:38","modified_gmt":"2020-12-13T08:52:38","slug":"about-us","status":"publish","type":"page","link":"https:\/\/www.horozeurope.com\/fr\/about-us\/","title":{"rendered":"\u00c0 Propos"},"content":{"rendered":"<p>[vc_row css=\u00a0\u00bb.vc_custom_1607348767229{margin-top: 25px !important;padding-bottom: 55px !important;}\u00a0\u00bb][vc_column width=\u00a0\u00bb5\/12&Prime;][vc_single_image image=\u00a0\u00bb119&Prime; img_size=\u00a0\u00bbfull\u00a0\u00bb alignment=\u00a0\u00bbcenter\u00a0\u00bb css=\u00a0\u00bb.vc_custom_1607345802152{margin-bottom: 0px !important;padding-bottom: 0px !important;}\u00a0\u00bb][\/vc_column][vc_column width=\u00a0\u00bb7\/12&Prime;]<div id=\"ultimate-heading-923769e20a3e08a00\" class=\"uvc-heading ult-adjust-bottom-margin ultimate-heading-923769e20a3e08a00 uvc-9883 \" data-hspacer=\"no_spacer\"  data-halign=\"left\" style=\"text-align:left\"><div class=\"uvc-heading-spacer no_spacer\" style=\"top\"><\/div><div class=\"uvc-main-heading ult-responsive\"  data-ultimate-target='.uvc-heading.ultimate-heading-923769e20a3e08a00 h2'  data-responsive-json-new='{\"font-size\":\"desktop:26px;\",\"line-height\":\"desktop:30px;\"}' ><h2 style=\"font-family:&#039;Poppins&#039;;font-weight:500;color:#ea1b27;\">\u00c0 PROPOS<\/h2><\/div><div class=\"uvc-sub-heading ult-responsive\"  data-ultimate-target='.uvc-heading.ultimate-heading-923769e20a3e08a00 .uvc-sub-heading '  data-responsive-json-new='{\"font-size\":\"desktop:18px;\",\"line-height\":\"desktop:22px;\"}'  style=\"font-family:&#039;Poppins&#039;;font-weight:300;color:#18437c;margin-bottom:15px;\">Horoz Electric<\/div><\/div>[vc_column_text css=\u00a0\u00bb.vc_custom_1607804023777{margin-bottom: 10px !important;padding-bottom: 0px !important;}\u00a0\u00bb]Horoz Electric a r\u00e9ussi \u00e0 \u00eatre l\u2019une des marques les plus remarquables de l\u2019industrie de l\u2019\u00e9clairage depuis 2007.<\/p>\n<p>Elle consid\u00e8re la qualit\u00e9 comme un \u00e9l\u00e9ment indispensable \u00e0 chaque \u00e9tape de la production.<\/p>\n<p>Tous les articles sont produits conform\u00e9ment aux normes internationales et tous ont des certificats EU-CE, EAC, LVD, EMC et ROHS.<\/p>\n<p>Portant les id\u00e9es de toujours se renouveler conform\u00e9ment aux normes mondiales changeantes et aux valeurs du march\u00e9, et de grimper au sommet, Horoz Electric r\u00e9alise tous ses investissements en utilisant ses propres ressources.<\/p>\n<p>L\u2019entreprise utilise la technologie au maximum dans tous les processus, de la conception \u00e0 l\u2019exp\u00e9dition.[\/vc_column_text][\/vc_column][\/vc_row][vc_row][vc_column]<div class=\"hr-thin style-line\" style=\"width: 100%;border-color: #e8e8e8;border-top-width: 1px;\"><\/div>[vc_empty_space height=\u00a0\u00bb25px\u00a0\u00bb][\/vc_column][\/vc_row][vc_row css=\u00a0\u00bb.vc_custom_1607348767229{margin-top: 25px !important;padding-bottom: 55px !important;}\u00a0\u00bb][vc_column width=\u00a0\u00bb7\/12&Prime;][vc_column_text css=\u00a0\u00bb.vc_custom_1607804043713{margin-bottom: 10px !important;padding-bottom: 0px !important;}\u00a0\u00bb]Horoz Europe est un innovateur leader sur le march\u00e9 des ampoules d&rsquo;\u00e9clairage int\u00e9rieur, ext\u00e9rieur et LED et des accessoires \u00e9lectriques.<\/p>\n<p>Horoz Europe SRL est au service du march\u00e9 d&rsquo;Europe occidentale depuis 2015, bas\u00e9 \u00e0 Nivelles en Belgique.<\/p>\n<p>En tant que soci\u00e9t\u00e9 belge, nous visons toujours des affaires durables et \u00e9tablissons des relations solides avec tous nos partenaires.<\/p>\n<p>Par cons\u00e9quent, notre entreprise s&rsquo;est \u00e9tendue depuis le premier jour.[\/vc_column_text][\/vc_column][vc_column width=\u00a0\u00bb5\/12&Prime;][vc_single_image image=\u00a0\u00bb324&Prime; img_size=\u00a0\u00bbfull\u00a0\u00bb alignment=\u00a0\u00bbcenter\u00a0\u00bb css=\u00a0\u00bb.vc_custom_1607765863184{margin-bottom: 0px !important;padding-bottom: 0px !important;}\u00a0\u00bb][\/vc_column][\/vc_row]<\/p>","protected":false},"excerpt":{"rendered":"<p>[vc_row css=\u00a0\u00bb.vc_custom_1607348767229{margin-top: 25px !important;padding-bottom: 55px !important;}\u00a0\u00bb][vc_column width=\u00a0\u00bb5\/12&Prime;][vc_single_image image=\u00a0\u00bb119&Prime; img_size=\u00a0\u00bbfull\u00a0\u00bb alignment=\u00a0\u00bbcenter\u00a0\u00bb css=\u00a0\u00bb.vc_custom_1607345802152{margin-bottom: 0px !important;padding-bottom: 0px !important;}\u00a0\u00bb][\/vc_column][vc_column width=\u00a0\u00bb7\/12&Prime;][vc_column_text css=\u00a0\u00bb.vc_custom_1607804023777{margin-bottom: 10px !important;padding-bottom: 0px !important;}\u00a0\u00bb]Horoz Electric a r\u00e9ussi \u00e0 \u00eatre l\u2019une des marques les plus remarquables de l\u2019industrie de l\u2019\u00e9clairage depuis 2007. Elle consid\u00e8re la qualit\u00e9 comme un \u00e9l\u00e9ment indispensable \u00e0 chaque \u00e9tape de la production. Tous les articles&hellip;<\/p>\n","protected":false},"author":1,"featured_media":0,"parent":0,"menu_order":0,"comment_status":"closed","ping_status":"closed","template":"","meta":[],"_links":{"self":[{"href":"https:\/\/www.horozeurope.com\/fr\/wp-json\/wp\/v2\/pages\/16"}],"collection":[{"href":"https:\/\/www.horozeurope.com\/fr\/wp-json\/wp\/v2\/pages"}],"about":[{"href":"https:\/\/www.horozeurope.com\/fr\/wp-json\/wp\/v2\/types\/page"}],"author":[{"embeddable":true,"href":"https:\/\/www.horozeurope.com\/fr\/wp-json\/wp\/v2\/users\/1"}],"replies":[{"embeddable":true,"href":"https:\/\/www.horozeurope.com\/fr\/wp-json\/wp\/v2\/comments?post=16"}],"version-history":[{"count":14,"href":"https:\/\/www.horozeurope.com\/fr\/wp-json\/wp\/v2\/pages\/16\/revisions"}],"predecessor-version":[{"id":405,"href":"https:\/\/www.horozeurope.com\/fr\/wp-json\/wp\/v2\/pages\/16\/revisions\/405"}],"wp:attachment":[{"href":"https:\/\/www.horozeurope.com\/fr\/wp-json\/wp\/v2\/media?parent=16"}],"curies":[{"name":"wp","href":"https:\/\/api.w.org\/{rel}","templated":true}]}}